{"id":1112,"date":"2024-12-03T23:04:14","date_gmt":"2024-12-03T22:04:14","guid":{"rendered":"https:\/\/averynormalguy.com\/?page_id=1112"},"modified":"2025-03-20T19:55:58","modified_gmt":"2025-03-20T18:55:58","slug":"chi-penso-di-essere","status":"publish","type":"page","link":"https:\/\/averynormalguy.com\/es\/chi-penso-di-essere\/","title":{"rendered":"QUI\u00c9N CREO QUE SOY"},"content":{"rendered":"<p>[et_pb_section fb_built=&#8221;1&#8243; custom_padding_last_edited=&#8221;on|tablet&#8221; admin_label=&#8221;About&#8221; _builder_version=&#8221;4.27.4&#8243; _module_preset=&#8221;default&#8221; background_color=&#8221;gcid-4c119920-fe37-4b7d-b1e0-a1ec608cdcd7&#8243; background_enable_image=&#8221;off&#8221; overflow-x=&#8221;hidden&#8221; overflow-y=&#8221;hidden&#8221; custom_padding=&#8221;||0vw||false|false&#8221; custom_padding_tablet=&#8221;||0vw||false|false&#8221; custom_padding_phone=&#8221;||0vw||false|false&#8221; collapsed=&#8221;on&#8221; global_colors_info=&#8221;{%22gcid-4c119920-fe37-4b7d-b1e0-a1ec608cdcd7%22:%91%22background_color%22%93}&#8221;][et_pb_row _builder_version=&#8221;4.21.0&#8243; _module_preset=&#8221;default&#8221; locked=&#8221;off&#8221; global_colors_info=&#8221;{}&#8221;][et_pb_column type=&#8221;4_4&#8243; _builder_version=&#8221;4.21.0&#8243; _module_preset=&#8221;default&#8221; global_colors_info=&#8221;{}&#8221;][et_pb_text _builder_version=&#8221;4.27.4&#8243; _module_preset=&#8221;61a72153-925d-46fd-b115-869074f607cc&#8221; header_text_color=&#8221;#FFFFFF&#8221; custom_margin=&#8221;||0px||false|false&#8221; header_font_size_phone=&#8221;36px&#8221; locked=&#8221;off&#8221; global_colors_info=&#8221;{}&#8221;]<\/p>\n<h1>QUI\u00c9N CREO QUE SOY<\/h1>\n<p>[\/et_pb_text][et_pb_divider color=&#8221;gcid-270b494a-7797-4179-a3cb-58e2ea5a2b33&#8243; divider_position=&#8221;center&#8221; _builder_version=&#8221;4.21.0&#8243; _module_preset=&#8221;default&#8221; width=&#8221;70%&#8221; module_alignment=&#8221;right&#8221; custom_margin_tablet=&#8221;5px||||false|false&#8221; custom_margin_phone=&#8221;0px||||false|false&#8221; custom_margin_last_edited=&#8221;off|desktop&#8221; custom_padding=&#8221;||||false|false&#8221; locked=&#8221;off&#8221; global_colors_info=&#8221;{%22gcid-270b494a-7797-4179-a3cb-58e2ea5a2b33%22:%91%22color%22%93}&#8221;][\/et_pb_divider][\/et_pb_column][\/et_pb_row][et_pb_row column_structure=&#8221;1_2,1_2&#8243; _builder_version=&#8221;4.21.0&#8243; _module_preset=&#8221;default&#8221; custom_margin=&#8221;14px|auto||auto||&#8221; global_colors_info=&#8221;{}&#8221;][et_pb_column type=&#8221;1_2&#8243; _builder_version=&#8221;4.21.0&#8243; _module_preset=&#8221;default&#8221; global_colors_info=&#8221;{}&#8221;][et_pb_image src=&#8221;https:\/\/averynormalguy.com\/wp-content\/uploads\/2024\/12\/a-very-normal.png&#8221; title_text=&#8221;a very normal&#8221; _builder_version=&#8221;4.27.4&#8243; _module_preset=&#8221;default&#8221; custom_margin=&#8221;||49px|||&#8221; border_width_all=&#8221;1px&#8221; border_color_all=&#8221;gcid-5a92b32a-7eb7-4cbf-bdc6-bfe5157d88a2&#8243; global_colors_info=&#8221;{%22gcid-5a92b32a-7eb7-4cbf-bdc6-bfe5157d88a2%22:%91%22border_color_all%22%93}&#8221;][\/et_pb_image][et_pb_text _builder_version=&#8221;4.27.4&#8243; _module_preset=&#8221;ec14728e-199e-482c-b077-d69a13054b0a&#8221; text_text_color=&#8221;gcid-5a92b32a-7eb7-4cbf-bdc6-bfe5157d88a2&#8243; custom_margin=&#8221;52px||-7px|||&#8221; global_colors_info=&#8221;{%22gcid-5a92b32a-7eb7-4cbf-bdc6-bfe5157d88a2%22:%91%22text_text_color%22%93}&#8221;]<\/p>\n<p style=\"text-align: left;\">Vivevo in una tenuta del 1225 in terra senese.<br \/>Al mattino davo da mangiare ai maiali e pulivo la loro cacca,<br \/>davo da mangiare alle galline e pulivo la loro cacca.<br \/>davo da mangiare alle vacche e no, non pulivo. Avevano colline intere tutte per loro. Poi potavo gli alberi da frutto e ammiravo chi faceva lo stesso con gli ulivi.<\/p>\n<p>[\/et_pb_text][et_pb_text _builder_version=&#8221;4.27.4&#8243; _module_preset=&#8221;ec14728e-199e-482c-b077-d69a13054b0a&#8221; text_text_color=&#8221;gcid-5a92b32a-7eb7-4cbf-bdc6-bfe5157d88a2&#8243; custom_margin=&#8221;10px|||||&#8221; global_colors_info=&#8221;{%22gcid-5a92b32a-7eb7-4cbf-bdc6-bfe5157d88a2%22:%91%22text_text_color%22%93}&#8221;]<\/p>\n<p style=\"text-align: left;\">Il pomeriggio poi, arrivava presto e la caldaia aveva bisogno di altra legna. Io intanto volevo imparare a suonare la chitarra, cos\u00ec mi sedevo in giardino e chiedevo ad Andy di insegnarmi qualcosa. La sera, tutti a tavola, si parlava in americano di noi: 14 ragazz*, 13 from the USA e me, dalla sabauda Torino.<br \/>Tra noi, Trevor: apprendista norcino, segretamente scrittore.<\/p>\n<p>[\/et_pb_text][et_pb_image src=&#8221;https:\/\/averynormalguy.com\/wp-content\/uploads\/2023\/07\/whatsapp-image-2023-03-15-at-22.15.37.jpeg&#8221; title_text=&#8221;whatsapp-image-2023-03-15-at-22.15.37&#8243; _builder_version=&#8221;4.27.4&#8243; _module_preset=&#8221;default&#8221; custom_margin=&#8221;55px|||||&#8221; border_width_all=&#8221;1px&#8221; border_color_all=&#8221;gcid-5a92b32a-7eb7-4cbf-bdc6-bfe5157d88a2&#8243; global_colors_info=&#8221;{%22gcid-5a92b32a-7eb7-4cbf-bdc6-bfe5157d88a2%22:%91%22border_color_all%22%93}&#8221;][\/et_pb_image][et_pb_text _builder_version=&#8221;4.27.4&#8243; _module_preset=&#8221;ec14728e-199e-482c-b077-d69a13054b0a&#8221; text_text_color=&#8221;gcid-5a92b32a-7eb7-4cbf-bdc6-bfe5157d88a2&#8243; custom_margin=&#8221;64px|||||&#8221; global_colors_info=&#8221;{%22gcid-5a92b32a-7eb7-4cbf-bdc6-bfe5157d88a2%22:%91%22text_text_color%22%93}&#8221;]<\/p>\n<p><em>Un tipo muy normal<\/em> \u00e8 lo specchio della mia irrequietezza, quella che mi porta a iniziare tutto e finire niente.<br \/>\u00c8 una sfida, e soprattutto, un occasione per imparare.<br \/>Per imparare ad essere costante e fare della scrittura una maestra.<br \/>&#8220;Vorrei imparare a scrivere con regolarit\u00e0, proprio come fa Trevor&#8221;, il mio primo proposito.<br \/>&#8220;Vorrei imparare ad osservare&#8221;, il mio secondo.<\/p>\n<p><em>Un tipo muy normal<\/em> nasce cos\u00ec. Per qualcos&#8217;altro&#8230;<\/p>\n<p>[\/et_pb_text][\/et_pb_column][et_pb_column type=&#8221;1_2&#8243; _builder_version=&#8221;4.21.0&#8243; _module_preset=&#8221;default&#8221; global_colors_info=&#8221;{}&#8221;][et_pb_text disabled_on=&#8221;on|off|off&#8221; _builder_version=&#8221;4.27.4&#8243; _module_preset=&#8221;39ddb5d0-bb89-40d3-bbdf-8f9457dcb17e&#8221; header_3_text_align=&#8221;right&#8221; header_3_text_color=&#8221;gcid-270b494a-7797-4179-a3cb-58e2ea5a2b33&#8243; custom_margin=&#8221;-8px||0px||false|false&#8221; custom_padding=&#8221;||5px|||&#8221; locked=&#8221;off&#8221; global_colors_info=&#8221;{%22gcid-270b494a-7797-4179-a3cb-58e2ea5a2b33%22:%91%22header_3_text_color%22%93}&#8221;]<\/p>\n<h3 style=\"text-align: left;\">JACOPO MASI<\/h3>\n<p>[\/et_pb_text][et_pb_text _builder_version=&#8221;4.27.4&#8243; _module_preset=&#8221;3003d8f9-ea7f-4bca-96db-4de66807dc47&#8243; text_text_color=&#8221;gcid-5a92b32a-7eb7-4cbf-bdc6-bfe5157d88a2&#8243; custom_margin=&#8221;||1px|||&#8221; global_colors_info=&#8221;{%22gcid-5a92b32a-7eb7-4cbf-bdc6-bfe5157d88a2%22:%91%22text_text_color%22%93}&#8221;]<\/p>\n<p><em>Un tipo muy normal<\/em> in fondo e\u2019 solo un pretesto per vivere il mondo immerso nella sua statuaria realt\u00e0 provando, anche solo per qualche istante, a ripercorrere a ritroso il tortuoso cammino del pensiero.<\/p>\n<p>[\/et_pb_text][et_pb_text _builder_version=&#8221;4.27.4&#8243; _module_preset=&#8221;ec14728e-199e-482c-b077-d69a13054b0a&#8221; text_text_color=&#8221;gcid-5a92b32a-7eb7-4cbf-bdc6-bfe5157d88a2&#8243; custom_margin=&#8221;||-21px|||&#8221; global_colors_info=&#8221;{%22gcid-5a92b32a-7eb7-4cbf-bdc6-bfe5157d88a2%22:%91%22text_text_color%22%93}&#8221;]<\/p>\n<p>\u00c8 sempre per qualcos&#8217;altro che nascono le cose.<br \/>Io nasco per la volont\u00e0 dei miei genitori, l&#8217;albero nasce perch\u00e8 il vento decide di portare via con s\u00e8 i suoi semi, <em>a very normal guy<\/em>\u00a0nasce perch\u00e8 Trevor mi ha insegnato la persistenza.<\/p>\n<p>&nbsp;<\/p>\n<p>[\/et_pb_text][et_pb_image src=&#8221;https:\/\/averynormalguy.com\/wp-content\/uploads\/2024\/12\/WhatsApp-Image-2024-12-05-at-11.53.39.jpeg&#8221; title_text=&#8221;WhatsApp Image 2024-12-05 at 11.53.39&#8243; _builder_version=&#8221;4.27.4&#8243; _module_preset=&#8221;default&#8221; custom_margin=&#8221;27px||45px|||&#8221; border_width_all=&#8221;1px&#8221; border_color_all=&#8221;gcid-5a92b32a-7eb7-4cbf-bdc6-bfe5157d88a2&#8243; global_colors_info=&#8221;{%22gcid-5a92b32a-7eb7-4cbf-bdc6-bfe5157d88a2%22:%91%22border_color_all%22%93}&#8221;][\/et_pb_image][et_pb_text _builder_version=&#8221;4.27.4&#8243; _module_preset=&#8221;ec14728e-199e-482c-b077-d69a13054b0a&#8221; text_text_color=&#8221;gcid-5a92b32a-7eb7-4cbf-bdc6-bfe5157d88a2&#8243; custom_margin=&#8221;9px|||||&#8221; global_colors_info=&#8221;{%22gcid-5a92b32a-7eb7-4cbf-bdc6-bfe5157d88a2%22:%91%22text_text_color%22%93}&#8221;]<\/p>\n<p><em>Un tipo muy normal<\/em> nasce proprio da quel suo essere segreto.<br \/>Ogni domenica infatti, <em>no matter what,<\/em> trevor prendeva il suo piccolo taccuino a cui aveva affidato a Kerouac l&#8217;onere di inciderci un pensiero, e si ritirava nella stanza delle zucche, quella che qualcuno chiamava il museo, ma che Emma usava come rifugio per darsi appuntamento col tramonto. Trevor si chiudeva l\u00ec e, in segreto, <br \/>si metteva a scrivere, ogni santa domenica. Lo faceva perch\u00e8 in fondo era uno scrittore, e sapeva che al talento<br \/>bisognava affiancare la dedizione, all&#8217;espressione artistica la volont\u00e0, al fuoco del desiderio la miccia della perseveranza.<\/p>\n<p>[\/et_pb_text][et_pb_text _builder_version=&#8221;4.27.4&#8243; _module_preset=&#8221;ec14728e-199e-482c-b077-d69a13054b0a&#8221; text_text_color=&#8221;gcid-5a92b32a-7eb7-4cbf-bdc6-bfe5157d88a2&#8243; custom_margin=&#8221;27px||38px|||&#8221; global_colors_info=&#8221;{%22gcid-5a92b32a-7eb7-4cbf-bdc6-bfe5157d88a2%22:%91%22text_text_color%22%93}&#8221;]<\/p>\n<p><em>Un tipo muy normal<\/em> nasce cos\u00ec, una domenica. Quando aprii la porta della stanza delle zucche e lo vidi, di spalle. Chinato sul tavolo, a scrivere. &#8220;\u00e8 cos\u00ec che si fa!&#8221;, pensai, &#8220;Ci si ritaglia del tempo e si fa! Anche se fuori c&#8217;\u00e8 il sole e vorresti tanto sdraiarti sul prato con gli amici. Anche se gli altri stanno organizzando la grigliata. Anche se fa freddo, fa caldo, se gioca il toro, sei sbronzo, eccitato, distratto&#8230; Anche se&#8230; <em>No matter what,<\/em> scrivi. Non importa cosa, scrivi.&#8221;<\/p>\n<p>[\/et_pb_text][et_pb_image src=&#8221;https:\/\/averynormalguy.com\/wp-content\/uploads\/2023\/09\/WhatsApp-Image-2023-09-09-at-17.37.46.jpeg&#8221; title_text=&#8221;WhatsApp Image 2023-09-09 at 17.37.46&#8243; _builder_version=&#8221;4.27.4&#8243; _module_preset=&#8221;default&#8221; custom_margin=&#8221;39px|||||&#8221; border_width_all=&#8221;1px&#8221; border_color_all=&#8221;gcid-5a92b32a-7eb7-4cbf-bdc6-bfe5157d88a2&#8243; global_colors_info=&#8221;{%22gcid-5a92b32a-7eb7-4cbf-bdc6-bfe5157d88a2%22:%91%22border_color_all%22%93}&#8221;][\/et_pb_image][\/et_pb_column][\/et_pb_row][et_pb_row _builder_version=&#8221;4.27.4&#8243; _module_preset=&#8221;default&#8221; global_colors_info=&#8221;{}&#8221;][et_pb_column type=&#8221;4_4&#8243; _builder_version=&#8221;4.27.4&#8243; _module_preset=&#8221;default&#8221; global_colors_info=&#8221;{}&#8221;][et_pb_divider _builder_version=&#8221;4.27.4&#8243; _module_preset=&#8221;default&#8221; global_colors_info=&#8221;{}&#8221;][\/et_pb_divider][\/et_pb_column][\/et_pb_row][\/et_pb_section]<\/p>","protected":false},"excerpt":{"rendered":"<p>CHI PENSO DI ESSEREVivevo in una tenuta del 1225 in terra senese.Al mattino davo da mangiare ai maiali e pulivo la loro cacca,davo da mangiare alle galline e pulivo la loro cacca.davo da mangiare alle vacche e no, non pulivo. Avevano colline intere tutte per loro. Poi potavo gli alberi da frutto e ammiravo chi [&hellip;]<\/p>","protected":false},"author":1,"featured_media":0,"parent":0,"menu_order":0,"comment_status":"closed","ping_status":"closed","template":"","meta":{"_et_pb_use_builder":"on","_et_pb_old_content":"","_et_gb_content_width":"","footnotes":""},"class_list":["post-1112","page","type-page","status-publish","hentry"],"jetpack_sharing_enabled":true,"_links":{"self":[{"href":"https:\/\/averynormalguy.com\/es\/wp-json\/wp\/v2\/pages\/1112","targetHints":{"allow":["GET"]}}],"collection":[{"href":"https:\/\/averynormalguy.com\/es\/wp-json\/wp\/v2\/pages"}],"about":[{"href":"https:\/\/averynormalguy.com\/es\/wp-json\/wp\/v2\/types\/page"}],"author":[{"embeddable":true,"href":"https:\/\/averynormalguy.com\/es\/wp-json\/wp\/v2\/users\/1"}],"replies":[{"embeddable":true,"href":"https:\/\/averynormalguy.com\/es\/wp-json\/wp\/v2\/comments?post=1112"}],"version-history":[{"count":15,"href":"https:\/\/averynormalguy.com\/es\/wp-json\/wp\/v2\/pages\/1112\/revisions"}],"predecessor-version":[{"id":1413,"href":"https:\/\/averynormalguy.com\/es\/wp-json\/wp\/v2\/pages\/1112\/revisions\/1413"}],"wp:attachment":[{"href":"https:\/\/averynormalguy.com\/es\/wp-json\/wp\/v2\/media?parent=1112"}],"curies":[{"name":"wp","href":"https:\/\/api.w.org\/{rel}","templated":true}]}}