{"id":973,"date":"2024-12-01T13:50:28","date_gmt":"2024-12-01T12:50:28","guid":{"rendered":"https:\/\/averynormalguy.com\/?page_id=973"},"modified":"2024-12-12T12:38:48","modified_gmt":"2024-12-12T11:38:48","slug":"scaffale-new","status":"publish","type":"page","link":"https:\/\/averynormalguy.com\/es\/scaffale-new\/","title":{"rendered":"SCAFFET"},"content":{"rendered":"<p>[et_pb_section fb_built=&#8221;1&#8243; custom_padding_last_edited=&#8221;on|tablet&#8221; admin_label=&#8221;Header&#8221; _builder_version=&#8221;4.27.4&#8243; _module_preset=&#8221;default&#8221; background_color=&#8221;#FFFFFF&#8221; background_enable_image=&#8221;off&#8221; custom_padding=&#8221;||0vw||false|false&#8221; custom_padding_tablet=&#8221;||0vw||false|false&#8221; custom_padding_phone=&#8221;||0vw||false|false&#8221; collapsed=&#8221;on&#8221; global_colors_info=&#8221;{}&#8221;][et_pb_row _builder_version=&#8221;4.27.4&#8243; _module_preset=&#8221;default&#8221; locked=&#8221;off&#8221; global_colors_info=&#8221;{}&#8221;][et_pb_column type=&#8221;4_4&#8243; _builder_version=&#8221;4.21.0&#8243; _module_preset=&#8221;default&#8221; global_colors_info=&#8221;{}&#8221;][et_pb_text _builder_version=&#8221;4.27.4&#8243; _module_preset=&#8221;61a72153-925d-46fd-b115-869074f607cc&#8221; header_text_color=&#8221;gcid-4c119920-fe37-4b7d-b1e0-a1ec608cdcd7&#8243; custom_margin=&#8221;||0px||false|false&#8221; hover_enabled=&#8221;0&#8243; locked=&#8221;off&#8221; global_colors_info=&#8221;{%22gcid-4c119920-fe37-4b7d-b1e0-a1ec608cdcd7%22:%91%22header_text_color%22%93}&#8221; header_font_size_phone=&#8221;36px&#8221; sticky_enabled=&#8221;0&#8243;]<\/p>\n<h1>estante<\/h1>\n<p>[\/et_pb_text][et_pb_divider color=&#8221;gcid-270b494a-7797-4179-a3cb-58e2ea5a2b33&#8243; divider_position=&#8221;center&#8221; _builder_version=&#8221;4.21.0&#8243; _module_preset=&#8221;default&#8221; width=&#8221;70%&#8221; module_alignment=&#8221;right&#8221; custom_margin_tablet=&#8221;5px||||false|false&#8221; custom_margin_phone=&#8221;0px||||false|false&#8221; custom_margin_last_edited=&#8221;off|desktop&#8221; custom_padding=&#8221;||||false|false&#8221; locked=&#8221;off&#8221; global_colors_info=&#8221;{%22gcid-270b494a-7797-4179-a3cb-58e2ea5a2b33%22:%91%22color%22%93}&#8221;][\/et_pb_divider][\/et_pb_column][\/et_pb_row][et_pb_row _builder_version=&#8221;4.21.0&#8243; _module_preset=&#8221;default&#8221; custom_padding=&#8221;0px||0px|||&#8221; global_colors_info=&#8221;{}&#8221;][et_pb_column type=&#8221;4_4&#8243; _builder_version=&#8221;4.21.0&#8243; _module_preset=&#8221;default&#8221; global_colors_info=&#8221;{}&#8221;][et_pb_text _builder_version=&#8221;4.27.4&#8243; _module_preset=&#8221;39ddb5d0-bb89-40d3-bbdf-8f9457dcb17e&#8221; header_3_text_align=&#8221;right&#8221; header_3_text_color=&#8221;gcid-270b494a-7797-4179-a3cb-58e2ea5a2b33&#8243; custom_margin=&#8221;||0px||false|false&#8221; custom_padding=&#8221;||74px|||&#8221; hover_enabled=&#8221;0&#8243; global_colors_info=&#8221;{%22gcid-270b494a-7797-4179-a3cb-58e2ea5a2b33%22:%91%22header_3_text_color%22%93}&#8221; header_3_font_size_phone=&#8221;24px&#8221; sticky_enabled=&#8221;0&#8243;]<\/p>\n<h3>JACOPO MASI<\/h3>\n<p>[\/et_pb_text][et_pb_text _builder_version=&#8221;4.27.4&#8243; _module_preset=&#8221;eacdce53-28e4-4d5c-b328-b2a1742a7e03&#8243; header_text_align=&#8221;right&#8221; header_text_color=&#8221;gcid-4c119920-fe37-4b7d-b1e0-a1ec608cdcd7&#8243; header_font_size=&#8221;180px&#8221; custom_margin=&#8221;||-5px|||&#8221; custom_padding=&#8221;||||false|false&#8221; custom_padding_tablet=&#8221;|0px|||false|false&#8221; custom_padding_phone=&#8221;|0px|||false|false&#8221; custom_padding_last_edited=&#8221;on|desktop&#8221; header_font_size_tablet=&#8221;10vw&#8221; header_font_size_phone=&#8221;10vw&#8221; header_font_size_last_edited=&#8221;on|tablet&#8221; global_colors_info=&#8221;{%22gcid-4c119920-fe37-4b7d-b1e0-a1ec608cdcd7%22:%91%22header_text_color%22%93}&#8221;]<\/p>\n<h1>LIBRO BLANCO<\/h1>\n<p>[\/et_pb_text][et_pb_text _builder_version=&#8221;4.27.4&#8243; _module_preset=&#8221;39ddb5d0-bb89-40d3-bbdf-8f9457dcb17e&#8221; header_3_text_align=&#8221;right&#8221; header_3_text_color=&#8221;gcid-4c119920-fe37-4b7d-b1e0-a1ec608cdcd7&#8243; custom_margin=&#8221;||10px||false|false&#8221; global_colors_info=&#8221;{%22gcid-4c119920-fe37-4b7d-b1e0-a1ec608cdcd7%22:%91%22header_3_text_color%22%93}&#8221;]<\/p>\n<h3>INFORMES DE GUERRA<\/h3>\n<p>[\/et_pb_text][\/et_pb_column][\/et_pb_row][et_pb_row column_structure=&#8221;1_2,1_2&#8243; _builder_version=&#8221;4.21.0&#8243; _module_preset=&#8221;default&#8221; custom_padding=&#8221;0px|||||&#8221; global_colors_info=&#8221;{}&#8221;][et_pb_column type=&#8221;1_2&#8243; _builder_version=&#8221;4.21.0&#8243; _module_preset=&#8221;default&#8221; global_colors_info=&#8221;{}&#8221;][\/et_pb_column][et_pb_column type=&#8221;1_2&#8243; _builder_version=&#8221;4.21.0&#8243; _module_preset=&#8221;default&#8221; global_colors_info=&#8221;{}&#8221;][et_pb_text _builder_version=&#8221;4.27.4&#8243; _module_preset=&#8221;e22bf3e0-557b-4090-a6f2-55acf69508a6&#8243; text_text_color=&#8221;#000000&#8243; header_text_color=&#8221;#000000&#8243; text_orientation=&#8221;right&#8221; custom_margin=&#8221;||42px|||&#8221; global_colors_info=&#8221;{}&#8221;]<\/p>\n<p>&#8220;Posso essere chiunque restando <em>uno<\/em>, ma non posso essere <em>uno<\/em> fingendo di essere chiunque&#8221;<\/p>\n<p>[\/et_pb_text][et_pb_button button_url=&#8221;#libro&#8221; button_text=&#8221;LEGGIMI&#8221; button_alignment=&#8221;right&#8221; _builder_version=&#8221;4.27.4&#8243; _module_preset=&#8221;6fd3aa35-4dbb-4dc4-ae0c-5954d7797b5b&#8221; button_text_color=&#8221;#FFFFFF&#8221; button_bg_color=&#8221;gcid-4c119920-fe37-4b7d-b1e0-a1ec608cdcd7&#8243; global_colors_info=&#8221;{%22gcid-4c119920-fe37-4b7d-b1e0-a1ec608cdcd7%22:%91%22button_text_color%22,%22button_bg_color%22%93}&#8221;][\/et_pb_button][\/et_pb_column][\/et_pb_row][et_pb_row _builder_version=&#8221;4.27.4&#8243; _module_preset=&#8221;default&#8221; position_origin_a=&#8221;bottom_right&#8221; position_origin_a_tablet=&#8221;bottom_right&#8221; position_origin_a_phone=&#8221;bottom_right&#8221; position_origin_a_last_edited=&#8221;off|desktop&#8221; position_origin_f_last_edited=&#8221;off|desktop&#8221; position_origin_r_last_edited=&#8221;off|desktop&#8221; max_width=&#8221;none&#8221; custom_padding=&#8221;||0px||false|false&#8221; positioning_tablet=&#8221;none&#8221; positioning_phone=&#8221;none&#8221; positioning_last_edited=&#8221;off|desktop&#8221; border_color_all=&#8221;gcid-270b494a-7797-4179-a3cb-58e2ea5a2b33&#8243; border_width_bottom=&#8221;1px&#8221; border_style_bottom=&#8221;dashed&#8221; global_colors_info=&#8221;{%22gcid-270b494a-7797-4179-a3cb-58e2ea5a2b33%22:%91%22border_color_all%22%93}&#8221;][et_pb_column type=&#8221;4_4&#8243; _builder_version=&#8221;4.21.0&#8243; _module_preset=&#8221;default&#8221; global_colors_info=&#8221;{}&#8221;][\/et_pb_column][\/et_pb_row][\/et_pb_section][et_pb_section fb_built=&#8221;1&#8243; admin_label=&#8221;About&#8221; _builder_version=&#8221;4.27.4&#8243; _module_preset=&#8221;default&#8221; background_color=&#8221;gcid-4c119920-fe37-4b7d-b1e0-a1ec608cdcd7&#8243; overflow-x=&#8221;hidden&#8221; overflow-y=&#8221;hidden&#8221; collapsed=&#8221;on&#8221; global_colors_info=&#8221;{%22gcid-4c119920-fe37-4b7d-b1e0-a1ec608cdcd7%22:%91%22background_color%22%93}&#8221;][et_pb_row column_structure=&#8221;1_2,1_2&#8243; module_id=&#8221;libro&#8221; _builder_version=&#8221;4.27.4&#8243; _module_preset=&#8221;default&#8221; global_colors_info=&#8221;{}&#8221;][et_pb_column type=&#8221;1_2&#8243; _builder_version=&#8221;4.21.0&#8243; _module_preset=&#8221;default&#8221; global_colors_info=&#8221;{}&#8221;][et_pb_image src=&#8221;https:\/\/averynormalguy.com\/wp-content\/uploads\/2023\/07\/whatsapp-image-2023-03-24-at-12.08.39.jpeg&#8221; title_text=&#8221;whatsapp-image-2023-03-24-at-12.08.39&#8243; _builder_version=&#8221;4.27.4&#8243; _module_preset=&#8221;default&#8221; border_width_all=&#8221;1px&#8221; border_color_all=&#8221;gcid-5a92b32a-7eb7-4cbf-bdc6-bfe5157d88a2&#8243; global_colors_info=&#8221;{%22gcid-5a92b32a-7eb7-4cbf-bdc6-bfe5157d88a2%22:%91%22border_color_all%22%93}&#8221;][\/et_pb_image][\/et_pb_column][et_pb_column type=&#8221;1_2&#8243; _builder_version=&#8221;4.21.0&#8243; _module_preset=&#8221;default&#8221; global_colors_info=&#8221;{}&#8221;][et_pb_text _builder_version=&#8221;4.27.4&#8243; _module_preset=&#8221;36609c3d-904f-4ea0-8778-0cb1f7ce0ecf&#8221; header_2_text_color=&#8221;#FFFFFF&#8221; custom_margin=&#8221;||0px||false|false&#8221; hover_enabled=&#8221;0&#8243; global_colors_info=&#8221;{}&#8221; header_2_font_size_phone=&#8221;28px&#8221; sticky_enabled=&#8221;0&#8243;]<\/p>\n<h2>trama<\/h2>\n<p>[\/et_pb_text][et_pb_divider color=&#8221;gcid-270b494a-7797-4179-a3cb-58e2ea5a2b33&#8243; divider_position=&#8221;center&#8221; _builder_version=&#8221;4.21.0&#8243; _module_preset=&#8221;default&#8221; width=&#8221;70%&#8221; module_alignment=&#8221;right&#8221; custom_margin_tablet=&#8221;5px||||false|false&#8221; custom_margin_phone=&#8221;0px||||false|false&#8221; custom_margin_last_edited=&#8221;off|desktop&#8221; custom_padding=&#8221;||||false|false&#8221; global_colors_info=&#8221;{%22gcid-270b494a-7797-4179-a3cb-58e2ea5a2b33%22:%91%22color%22%93}&#8221;][\/et_pb_divider][et_pb_text _builder_version=&#8221;4.27.4&#8243; _module_preset=&#8221;e22bf3e0-557b-4090-a6f2-55acf69508a6&#8243; text_text_color=&#8221;gcid-5a92b32a-7eb7-4cbf-bdc6-bfe5157d88a2&#8243; global_colors_info=&#8221;{%22gcid-5a92b32a-7eb7-4cbf-bdc6-bfe5157d88a2%22:%91%22text_text_color%22%93}&#8221;]<\/p>\n<p>La realt\u00e0 come proiezione. La guerra a fare da sfondo a un primo piano di meticolosa osservazione. Un giornalista di guerra subisce la violenza del conflitto tra il ruolo e la persona, finendo per fare del proprio mestiere uno strumento per conoscersi ed esplorarsi. Libro Bianco \u00e8 un Report di guerra: di una guerra tangibile solo nelle manifestazioni delle sue nefandezze.<\/p>\n<p>[\/et_pb_text][et_pb_button button_url=&#8221;https:\/\/www.amazon.it\/dp\/B0BZGD5V8N&#8221; url_new_window=&#8221;on&#8221; button_text=&#8221;libro completo&#8221; _builder_version=&#8221;4.27.4&#8243; _module_preset=&#8221;6fd3aa35-4dbb-4dc4-ae0c-5954d7797b5b&#8221; global_colors_info=&#8221;{}&#8221;][\/et_pb_button][\/et_pb_column][\/et_pb_row][\/et_pb_section][et_pb_section fb_built=&#8221;1&#8243; admin_label=&#8221;Testimonials&#8221; _builder_version=&#8221;4.21.0&#8243; _module_preset=&#8221;default&#8221; background_color=&#8221;gcid-4c119920-fe37-4b7d-b1e0-a1ec608cdcd7&#8243; background_size=&#8221;stretch&#8221; border_width_all=&#8221;10px&#8221; border_color_all=&#8221;gcid-270b494a-7797-4179-a3cb-58e2ea5a2b33&#8243; border_style_all=&#8221;double&#8221; locked=&#8221;off&#8221; collapsed=&#8221;on&#8221; global_colors_info=&#8221;{%22gcid-4c119920-fe37-4b7d-b1e0-a1ec608cdcd7%22:%91%22background_color%22,%22background_color_gradient_stops%22%93,%22gcid-270b494a-7797-4179-a3cb-58e2ea5a2b33%22:%91%22border_color_all%22%93}&#8221;][et_pb_row column_structure=&#8221;1_4,1_2,1_4&#8243; _builder_version=&#8221;4.21.0&#8243; _module_preset=&#8221;default&#8221; locked=&#8221;off&#8221; global_colors_info=&#8221;{}&#8221;][et_pb_column type=&#8221;1_4&#8243; _builder_version=&#8221;4.21.0&#8243; _module_preset=&#8221;default&#8221; global_colors_info=&#8221;{}&#8221;][et_pb_divider color=&#8221;gcid-270b494a-7797-4179-a3cb-58e2ea5a2b33&#8243; divider_style=&#8221;dashed&#8221; divider_position=&#8221;center&#8221; _builder_version=&#8221;4.21.0&#8243; _module_preset=&#8221;default&#8221; custom_margin=&#8221;||0px||false|false&#8221; custom_margin_tablet=&#8221;5px||||false|false&#8221; custom_margin_phone=&#8221;0px||||false|false&#8221; custom_margin_last_edited=&#8221;off|desktop&#8221; custom_padding=&#8221;||||false|false&#8221; locked=&#8221;off&#8221; global_colors_info=&#8221;{%22gcid-270b494a-7797-4179-a3cb-58e2ea5a2b33%22:%91%22color%22%93}&#8221;][\/et_pb_divider][\/et_pb_column][et_pb_column type=&#8221;1_2&#8243; _builder_version=&#8221;4.21.0&#8243; _module_preset=&#8221;default&#8221; global_colors_info=&#8221;{}&#8221;][et_pb_text _builder_version=&#8221;4.27.4&#8243; _module_preset=&#8221;36609c3d-904f-4ea0-8778-0cb1f7ce0ecf&#8221; header_2_text_color=&#8221;#FFFFFF&#8221; background_color=&#8221;gcid-4c119920-fe37-4b7d-b1e0-a1ec608cdcd7&#8243; position_origin_a=&#8221;top_center&#8221; z_index=&#8221;10&#8243; text_orientation=&#8221;center&#8221; custom_padding=&#8221;|2vw||2vw|false|true&#8221; hover_enabled=&#8221;0&#8243; locked=&#8221;off&#8221; global_colors_info=&#8221;{%22gcid-4c119920-fe37-4b7d-b1e0-a1ec608cdcd7%22:%91%22background_color%22%93}&#8221; header_2_font_size_phone=&#8221;28px&#8221; sticky_enabled=&#8221;0&#8243;]<\/p>\n<h2>da chi lo ha letto<\/h2>\n<p>[\/et_pb_text][\/et_pb_column][et_pb_column type=&#8221;1_4&#8243; _builder_version=&#8221;4.21.0&#8243; _module_preset=&#8221;default&#8221; global_colors_info=&#8221;{}&#8221;][et_pb_divider color=&#8221;gcid-270b494a-7797-4179-a3cb-58e2ea5a2b33&#8243; divider_style=&#8221;dashed&#8221; divider_position=&#8221;center&#8221; _builder_version=&#8221;4.21.0&#8243; _module_preset=&#8221;default&#8221; custom_margin=&#8221;||0px||false|false&#8221; custom_padding=&#8221;||||false|false&#8221; locked=&#8221;off&#8221; global_colors_info=&#8221;{%22gcid-270b494a-7797-4179-a3cb-58e2ea5a2b33%22:%91%22color%22,%22color%22%93}&#8221;][\/et_pb_divider][\/et_pb_column][\/et_pb_row][et_pb_row _builder_version=&#8221;4.21.0&#8243; _module_preset=&#8221;default&#8221; locked=&#8221;off&#8221; global_colors_info=&#8221;{}&#8221;][et_pb_column type=&#8221;4_4&#8243; _builder_version=&#8221;4.21.0&#8243; _module_preset=&#8221;default&#8221; global_colors_info=&#8221;{}&#8221;][et_pb_slider arrows_custom_color=&#8221;RGBA(255,255,255,0)&#8221; dot_nav_custom_color=&#8221;gcid-270b494a-7797-4179-a3cb-58e2ea5a2b33&#8243; _builder_version=&#8221;4.27.4&#8243; _module_preset=&#8221;1d880471-54cc-42d1-8bd7-4d9263a5124e&#8221; header_font=&#8221;|300|||||||&#8221; header_text_color=&#8221;gcid-5a92b32a-7eb7-4cbf-bdc6-bfe5157d88a2&#8243; header_font_size=&#8221;16px&#8221; header_line_height=&#8221;1.8em&#8221; body_text_color=&#8221;gcid-270b494a-7797-4179-a3cb-58e2ea5a2b33&#8243; body_line_height=&#8221;1.6em&#8221; background_color=&#8221;RGBA(255,255,255,0)&#8221; custom_button=&#8221;on&#8221; button_text_size=&#8221;14px&#8221; button_text_color=&#8221;gcid-4c119920-fe37-4b7d-b1e0-a1ec608cdcd7&#8243; button_bg_color=&#8221;#FFFFFF&#8221; button_border_width=&#8221;0px&#8221; button_border_radius=&#8221;0px&#8221; button_letter_spacing=&#8221;0.16em&#8221; button_font=&#8221;Inter|700||on|||||&#8221; button_custom_padding=&#8221;18px|24px|18px|24px|true|true&#8221; custom_padding=&#8221;0px||||false|false&#8221; header_font_size_tablet=&#8221;15px&#8221; header_font_size_phone=&#8221;14px&#8221; header_font_size_last_edited=&#8221;on|desktop&#8221; text_shadow_style=&#8221;preset3&#8243; text_shadow_color=&#8221;RGBA(255,255,255,0)&#8221; locked=&#8221;off&#8221; global_colors_info=&#8221;{%22gcid-4c119920-fe37-4b7d-b1e0-a1ec608cdcd7%22:%91%22button_bg_color%22,%22dot_nav_custom_color%22,%22button_bg_color%22,%22dot_nav_custom_color%22,%22button_bg_color%22,%22dot_nav_custom_color%22,%22button_text_color%22%93,%22gcid-2ecdf16a-9aa9-4a50-9606-6904c215eb5f%22:%91%22header_text_color%22,%22body_text_color%22,%22body_text_color%22,%22body_text_color%22%93,%22gcid-270b494a-7797-4179-a3cb-58e2ea5a2b33%22:%91%22body_text_color%22,%22dot_nav_custom_color%22%93,%22gcid-5a92b32a-7eb7-4cbf-bdc6-bfe5157d88a2%22:%91%22header_text_color%22%93}&#8221;][et_pb_slide heading=&#8221;In poco pi\u00f9 di 50 pagine ci hai fatto entrare nella tua guerra e ci hai dato gli strumenti per creare, capire e affrontare la nostra. Poche parole per esprimere dei concetti che spesso diamo per scontati, il proverbiale \u201cprima il dovere poi il piacere\u201d, ma che andando a scavare in profondit\u00e0 come fatto in questo libro mi fa rendere conto di tante cose. Credo che ognuno possa ricavare solo del buono da questa lettura, grazie!&#8221; _builder_version=&#8221;4.27.4&#8243; _module_preset=&#8221;default&#8221; hover_enabled=&#8221;0&#8243; locked=&#8221;off&#8221; global_colors_info=&#8221;{}&#8221; sticky_transition=&#8221;on&#8221; sticky_enabled=&#8221;0&#8243;]<\/p>\n<p>Andrea Aprile<\/p>\n<p>[\/et_pb_slide][et_pb_slide heading=&#8221;Libro Bianco di Jacopo esplora con sensibilit\u00e0 e profondit\u00e0 la dualit\u00e0 tra dovere e piacere, mi ha permesso di immergermi  in una riflessione intima e universale. Con una scrittura attenta e meticolosa,  Jacopo Masi  \u00e9 riuscito  a bilanciare emozione , istinto  e razionalit\u00e0, rendendolo un libro che invita alla meditazione interiore e all&#8217;importanza dell&#8217;ascoltarsi.&#8221; _builder_version=&#8221;4.27.4&#8243; _module_preset=&#8221;default&#8221; header_level=&#8221;h2&#8243; header_font=&#8221;||||||||&#8221; header_text_color=&#8221;gcid-5a92b32a-7eb7-4cbf-bdc6-bfe5157d88a2&#8243; locked=&#8221;off&#8221; global_colors_info=&#8221;{%22gcid-5a92b32a-7eb7-4cbf-bdc6-bfe5157d88a2%22:%91%22header_text_color%22%93}&#8221; sticky_transition=&#8221;on&#8221;]<\/p>\n<p>Giulio Filippelli<\/p>\n<p>[\/et_pb_slide][et_pb_slide heading=&#8221;Un libro che apre una finestra su un percorso. Senza un inizio e forse senza una fine, racconta di un impeto di scoperta che, per definizione, \u00e8 in costante evoluzione. Consigliatissimo per chi crede nel viaggio e non nella meta.&#8221; _builder_version=&#8221;4.27.4&#8243; _module_preset=&#8221;default&#8221; locked=&#8221;off&#8221; global_colors_info=&#8221;{}&#8221; sticky_transition=&#8221;on&#8221;]<\/p>\n<p>Serena Bartoli<\/p>\n<p>[\/et_pb_slide][\/et_pb_slider][\/et_pb_column][\/et_pb_row][\/et_pb_section]<\/p>","protected":false},"excerpt":{"rendered":"<p>scaffaleJACOPO MASILIBRO BIANCOREPORT DI GUERRA&#8221;Posso essere chiunque restando uno, ma non posso essere uno fingendo di essere chiunque&#8221;tramaLa realt\u00e0 come proiezione. La guerra a fare da sfondo a un primo piano di meticolosa osservazione. Un giornalista di guerra subisce la violenza del conflitto tra il ruolo e la persona, finendo per fare del proprio mestiere [&hellip;]<\/p>","protected":false},"author":1,"featured_media":0,"parent":0,"menu_order":0,"comment_status":"closed","ping_status":"closed","template":"","meta":{"_et_pb_use_builder":"on","_et_pb_old_content":"","_et_gb_content_width":"","footnotes":""},"class_list":["post-973","page","type-page","status-publish","hentry"],"jetpack_sharing_enabled":true,"_links":{"self":[{"href":"https:\/\/averynormalguy.com\/es\/wp-json\/wp\/v2\/pages\/973","targetHints":{"allow":["GET"]}}],"collection":[{"href":"https:\/\/averynormalguy.com\/es\/wp-json\/wp\/v2\/pages"}],"about":[{"href":"https:\/\/averynormalguy.com\/es\/wp-json\/wp\/v2\/types\/page"}],"author":[{"embeddable":true,"href":"https:\/\/averynormalguy.com\/es\/wp-json\/wp\/v2\/users\/1"}],"replies":[{"embeddable":true,"href":"https:\/\/averynormalguy.com\/es\/wp-json\/wp\/v2\/comments?post=973"}],"version-history":[{"count":19,"href":"https:\/\/averynormalguy.com\/es\/wp-json\/wp\/v2\/pages\/973\/revisions"}],"predecessor-version":[{"id":1260,"href":"https:\/\/averynormalguy.com\/es\/wp-json\/wp\/v2\/pages\/973\/revisions\/1260"}],"wp:attachment":[{"href":"https:\/\/averynormalguy.com\/es\/wp-json\/wp\/v2\/media?parent=973"}],"curies":[{"name":"wp","href":"https:\/\/api.w.org\/{rel}","templated":true}]}}